{"id":3032,"date":"2026-01-15T09:15:46","date_gmt":"2026-01-15T09:15:46","guid":{"rendered":"https:\/\/www.meziouknani.com\/?page_id=3032"},"modified":"2026-01-15T14:52:56","modified_gmt":"2026-01-15T14:52:56","slug":"sadok-ben-hassouna-1313","status":"publish","type":"page","link":"https:\/\/www.meziouknani.com\/fr\/our-people\/our-associates\/sadok-ben-hassouna-1313\/","title":{"rendered":"Sadok-Ben-Hassouna &#8211; [#3013]"},"content":{"rendered":"<div data-elementor-type=\"wp-page\" data-elementor-id=\"3032\" class=\"elementor elementor-3032\">\n\t\t\t\t\t\t<section class=\"elementor-section elementor-top-section elementor-element elementor-element-c740562 elementor-section-boxed elementor-section-height-default elementor-section-height-default\" data-id=\"c740562\" data-element_type=\"section\" data-e-type=\"section\">\n\t\t\t\t\t\t<div class=\"elementor-container elementor-column-gap-default\">\n\t\t\t\t\t<div class=\"elementor-column elementor-col-50 elementor-top-column elementor-element elementor-element-863ac8b\" data-id=\"863ac8b\" data-element_type=\"column\" data-e-type=\"column\">\n\t\t\t<div class=\"elementor-widget-wrap elementor-element-populated\">\n\t\t\t\t\t\t<div class=\"elementor-element elementor-element-5930058 premium-floating-effects-yes elementor-widget elementor-widget-premium-addon-person\" data-id=\"5930058\" data-element_type=\"widget\" data-e-type=\"widget\" id=\"single-people-image\" data-settings=\"{&quot;premium_fe_direction&quot;:&quot;alternate&quot;,&quot;premium_fe_loop&quot;:&quot;default&quot;,&quot;premium_fe_easing&quot;:&quot;easeInOutSine&quot;}\" data-widget_type=\"premium-addon-person.default\">\n\t\t\t\t<div class=\"elementor-widget-container\">\n\t\t\t\t\t\t\t<div class=\"premium-persons-container premium-person-style2\">\n\t\t\t\t\t\t<div class=\"premium-person-container premium-person-none-effect\">\n\n\t\t\t\t<div class=\"premium-person-image-container\">\n\t\t\t\t\t<img fetchpriority=\"high\" decoding=\"async\" width=\"768\" height=\"752\" src=\"https:\/\/www.meziouknani.com\/wp-content\/uploads\/2026\/01\/Sadok-Ben-Hassouna-768x752.jpg\" class=\"attachment-medium_large size-medium_large wp-image-3200\" alt=\"\" srcset=\"https:\/\/www.meziouknani.com\/wp-content\/uploads\/2026\/01\/Sadok-Ben-Hassouna-768x752.jpg 768w, https:\/\/www.meziouknani.com\/wp-content\/uploads\/2026\/01\/Sadok-Ben-Hassouna-300x294.jpg 300w, https:\/\/www.meziouknani.com\/wp-content\/uploads\/2026\/01\/Sadok-Ben-Hassouna-1024x1002.jpg 1024w, https:\/\/www.meziouknani.com\/wp-content\/uploads\/2026\/01\/Sadok-Ben-Hassouna-1536x1503.jpg 1536w, https:\/\/www.meziouknani.com\/wp-content\/uploads\/2026\/01\/Sadok-Ben-Hassouna-2048x2004.jpg 2048w\" sizes=\"(max-width: 768px) 100vw, 768px\" \/>\n\t\t\t\t\t\t\t\t\t<\/div>\n\t\t\t\t<div class=\"premium-person-info\">\n\t\t\t\t\t\t\t\t<div class=\"premium-person-info-container\">\n\t\t\t\t\t\t\t<\/div>\n\t\t\t\t\t\t\t<\/div>\n\t\t\t<\/div>\n\t\t\t\t\t\t<\/div>\n\t\t\t\t\t\t<\/div>\n\t\t\t\t<\/div>\n\t\t\t\t<section class=\"elementor-section elementor-inner-section elementor-element elementor-element-3458e48 elementor-section-boxed elementor-section-height-default elementor-section-height-default\" data-id=\"3458e48\" data-element_type=\"section\" data-e-type=\"section\">\n\t\t\t\t\t\t<div class=\"elementor-container elementor-column-gap-default\">\n\t\t\t\t\t<div class=\"elementor-column elementor-col-100 elementor-inner-column elementor-element elementor-element-6a73b96\" data-id=\"6a73b96\" data-element_type=\"column\" data-e-type=\"column\">\n\t\t\t<div class=\"elementor-widget-wrap elementor-element-populated\">\n\t\t\t\t\t\t<div class=\"elementor-element elementor-element-5f1a2d6 elementor-widget elementor-widget-heading\" data-id=\"5f1a2d6\" data-element_type=\"widget\" data-e-type=\"widget\" data-widget_type=\"heading.default\">\n\t\t\t\t<div class=\"elementor-widget-container\">\n\t\t\t\t\t<h2 class=\"elementor-heading-title elementor-size-default\">TELEPHONE<\/h2>\t\t\t\t<\/div>\n\t\t\t\t<\/div>\n\t\t\t\t<div class=\"elementor-element elementor-element-e399ed7 elementor-widget elementor-widget-heading\" data-id=\"e399ed7\" data-element_type=\"widget\" data-e-type=\"widget\" data-widget_type=\"heading.default\">\n\t\t\t\t<div class=\"elementor-widget-container\">\n\t\t\t\t\t<h2 class=\"elementor-heading-title elementor-size-default\">(+216) 70 015 087 <\/h2>\t\t\t\t<\/div>\n\t\t\t\t<\/div>\n\t\t\t\t\t<\/div>\n\t\t<\/div>\n\t\t\t\t\t<\/div>\n\t\t<\/section>\n\t\t\t\t<section class=\"elementor-section elementor-inner-section elementor-element elementor-element-197b681 elementor-section-boxed elementor-section-height-default elementor-section-height-default\" data-id=\"197b681\" data-element_type=\"section\" data-e-type=\"section\">\n\t\t\t\t\t\t<div class=\"elementor-container elementor-column-gap-default\">\n\t\t\t\t\t<div class=\"elementor-column elementor-col-100 elementor-inner-column elementor-element elementor-element-018b2fc\" data-id=\"018b2fc\" data-element_type=\"column\" data-e-type=\"column\">\n\t\t\t<div class=\"elementor-widget-wrap elementor-element-populated\">\n\t\t\t\t\t\t<div class=\"elementor-element elementor-element-6743c8f elementor-widget elementor-widget-heading\" data-id=\"6743c8f\" data-element_type=\"widget\" data-e-type=\"widget\" data-widget_type=\"heading.default\">\n\t\t\t\t<div class=\"elementor-widget-container\">\n\t\t\t\t\t<h2 class=\"elementor-heading-title elementor-size-default\">EMAIL<\/h2>\t\t\t\t<\/div>\n\t\t\t\t<\/div>\n\t\t\t\t<div class=\"elementor-element elementor-element-5ef4ba7 elementor-widget elementor-widget-heading\" data-id=\"5ef4ba7\" data-element_type=\"widget\" data-e-type=\"widget\" data-widget_type=\"heading.default\">\n\t\t\t\t<div class=\"elementor-widget-container\">\n\t\t\t\t\t<h2 class=\"elementor-heading-title elementor-size-default\">Sadok.benhassouna@meziouknani.com<\/h2>\t\t\t\t<\/div>\n\t\t\t\t<\/div>\n\t\t\t\t\t<\/div>\n\t\t<\/div>\n\t\t\t\t\t<\/div>\n\t\t<\/section>\n\t\t\t\t\t<\/div>\n\t\t<\/div>\n\t\t\t\t<div class=\"elementor-column elementor-col-50 elementor-top-column elementor-element elementor-element-d26db99\" data-id=\"d26db99\" data-element_type=\"column\" data-e-type=\"column\">\n\t\t\t<div class=\"elementor-widget-wrap elementor-element-populated\">\n\t\t\t\t\t\t<div class=\"elementor-element elementor-element-75732c0 elementor-widget elementor-widget-heading\" data-id=\"75732c0\" data-element_type=\"widget\" data-e-type=\"widget\" data-widget_type=\"heading.default\">\n\t\t\t\t<div class=\"elementor-widget-container\">\n\t\t\t\t\t<h2 class=\"elementor-heading-title elementor-size-default\">SADOK BEN HASSOUNA<\/h2>\t\t\t\t<\/div>\n\t\t\t\t<\/div>\n\t\t\t\t<div class=\"elementor-element elementor-element-acfa962 elementor-widget elementor-widget-heading\" data-id=\"acfa962\" data-element_type=\"widget\" data-e-type=\"widget\" data-widget_type=\"heading.default\">\n\t\t\t\t<div class=\"elementor-widget-container\">\n\t\t\t\t\t<h2 class=\"elementor-heading-title elementor-size-default\">Collaborateur<\/h2>\t\t\t\t<\/div>\n\t\t\t\t<\/div>\n\t\t\t\t<div class=\"elementor-element elementor-element-5633acf elementor-widget elementor-widget-text-editor\" data-id=\"5633acf\" data-element_type=\"widget\" data-e-type=\"widget\" data-widget_type=\"text-editor.default\">\n\t\t\t\t<div class=\"elementor-widget-container\">\n\t\t\t\t\t\t\t\t\t<p>Sadok a rejoint MK&amp;K en 2025.<\/p><p class=\"translation-block\">Il repr\u00e9sente et conseille des clients dans diff\u00e9rents domaines du droit, notamment en mati\u00e8re de <strong> contentieux commercial <\/strong>.<\/p><p>Sadok est titulaire d\u2019un Master en Droit priv\u00e9 (Facult\u00e9 de droit et des sciences politiques de Tunis).<\/p><p>Il est membre du Barreau de Tunis depuis 2025.<\/p>\t\t\t\t\t\t\t\t<\/div>\n\t\t\t\t<\/div>\n\t\t\t\t\t<\/div>\n\t\t<\/div>\n\t\t\t\t\t<\/div>\n\t\t<\/section>\n\t\t\t\t<\/div>","protected":false},"excerpt":{"rendered":"<p>PHONE (+216) 70 015 087 EMAIL Sadok.benhassouna@meziouknani.com SADOK BEN HASSOUNA Associate Sadok joined MK&amp;K in 2025. He represents and advises clients in various areas of law, particularly in commercial litigation. Sadok holds a Master\u2019s Degree in Private Law (Faculty of law and Political Science of Tunis). He is member of the Tunis Bar since 2025.<\/p>","protected":false},"author":1,"featured_media":0,"parent":1755,"menu_order":0,"comment_status":"closed","ping_status":"closed","template":"","meta":{"site-sidebar-layout":"no-sidebar","site-content-layout":"page-builder","ast-global-header-display":"","ast-main-header-display":"","ast-hfb-above-header-display":"","ast-hfb-below-header-display":"","ast-hfb-mobile-header-display":"","site-post-title":"disabled","ast-breadcrumbs-content":"","ast-featured-img":"disabled","footer-sml-layout":"","theme-transparent-header-meta":"","adv-header-id-meta":"","stick-header-meta":"","header-above-stick-meta":"","header-main-stick-meta":"","header-below-stick-meta":"","footnotes":""},"class_list":["post-3032","page","type-page","status-publish","hentry"],"_links":{"self":[{"href":"https:\/\/www.meziouknani.com\/fr\/wp-json\/wp\/v2\/pages\/3032","targetHints":{"allow":["GET"]}}],"collection":[{"href":"https:\/\/www.meziouknani.com\/fr\/wp-json\/wp\/v2\/pages"}],"about":[{"href":"https:\/\/www.meziouknani.com\/fr\/wp-json\/wp\/v2\/types\/page"}],"author":[{"embeddable":true,"href":"https:\/\/www.meziouknani.com\/fr\/wp-json\/wp\/v2\/users\/1"}],"replies":[{"embeddable":true,"href":"https:\/\/www.meziouknani.com\/fr\/wp-json\/wp\/v2\/comments?post=3032"}],"version-history":[{"count":22,"href":"https:\/\/www.meziouknani.com\/fr\/wp-json\/wp\/v2\/pages\/3032\/revisions"}],"predecessor-version":[{"id":3235,"href":"https:\/\/www.meziouknani.com\/fr\/wp-json\/wp\/v2\/pages\/3032\/revisions\/3235"}],"up":[{"embeddable":true,"href":"https:\/\/www.meziouknani.com\/fr\/wp-json\/wp\/v2\/pages\/1755"}],"wp:attachment":[{"href":"https:\/\/www.meziouknani.com\/fr\/wp-json\/wp\/v2\/media?parent=3032"}],"curies":[{"name":"wp","href":"https:\/\/api.w.org\/{rel}","templated":true}]}}