{"id":228,"date":"2022-05-10T10:38:17","date_gmt":"2022-05-10T10:38:17","guid":{"rendered":"http:\/\/www.meziouknani.com\/?page_id=228"},"modified":"2026-03-31T09:23:51","modified_gmt":"2026-03-31T09:23:51","slug":"about","status":"publish","type":"page","link":"https:\/\/www.meziouknani.com\/fr\/about\/","title":{"rendered":"Le cabinet"},"content":{"rendered":"<div data-elementor-type=\"wp-page\" data-elementor-id=\"228\" class=\"elementor elementor-228\">\n\t\t\t\t\t\t<section class=\"elementor-section elementor-top-section elementor-element elementor-element-7cfdd04 elementor-section-boxed elementor-section-height-default elementor-section-height-default\" data-id=\"7cfdd04\" data-element_type=\"section\" data-e-type=\"section\">\n\t\t\t\t\t\t<div class=\"elementor-container elementor-column-gap-default\">\n\t\t\t\t\t<div class=\"elementor-column elementor-col-100 elementor-top-column elementor-element elementor-element-3e82751\" data-id=\"3e82751\" data-element_type=\"column\" data-e-type=\"column\">\n\t\t\t<div class=\"elementor-widget-wrap elementor-element-populated\">\n\t\t\t\t\t\t\t<\/div>\n\t\t<\/div>\n\t\t\t\t\t<\/div>\n\t\t<\/section>\n\t\t\t\t<section class=\"elementor-section elementor-top-section elementor-element elementor-element-a6d346e elementor-section-boxed elementor-section-height-default elementor-section-height-default\" data-id=\"a6d346e\" data-element_type=\"section\" data-e-type=\"section\">\n\t\t\t\t\t\t<div class=\"elementor-container elementor-column-gap-default\">\n\t\t\t\t\t<div class=\"elementor-column elementor-col-50 elementor-top-column elementor-element elementor-element-27cf8eb\" data-id=\"27cf8eb\" data-element_type=\"column\" data-e-type=\"column\">\n\t\t\t<div class=\"elementor-widget-wrap elementor-element-populated\">\n\t\t\t\t\t\t<div class=\"elementor-element elementor-element-633ba7c elementor-widget elementor-widget-text-editor\" data-id=\"633ba7c\" data-element_type=\"widget\" data-e-type=\"widget\" data-widget_type=\"text-editor.default\">\n\t\t\t\t<div class=\"elementor-widget-container\">\n\t\t\t\t\t\t\t\t\t<p>Meziou Knani &amp; Khlif est un cabinet d\u2019avocats de r\u00e9f\u00e9rence, offrant des services juridiques et intervenant dans divers domaines du droit, avec une sp\u00e9cialisation marqu\u00e9e en droit des affaires.<\/p><p>Fond\u00e9 en 2009, Meziou Knani &amp; Khlif est dirig\u00e9 par six (6) associ\u00e9s \u2014 Ma\u00eetres Ghazi Zied Meziou, Mohamed Ayoub Knani, Mohamed Sarhane Khlif, Omar Ben Slimane, Amira Driss et Mehdi Derouiche \u2014 assist\u00e9s par une \u00e9quipe rigoureuse de professionnels du droit et de juristes sp\u00e9cialis\u00e9s.<\/p><p>Notre cabinet r\u00e9unit des avocats exp\u00e9riment\u00e9s et des experts juridiques, dont les comp\u00e9tences techniques et la ma\u00eetrise approfondie du droit permettent d\u2019offrir des prestations juridiques d\u2019excellence, adapt\u00e9es aux enjeux de nos clients.<\/p><p>L\u2019organisation du cabinet s\u2019articule autour de deux d\u00e9partements : le D\u00e9partement Conseil, d\u00e9di\u00e9 \u00e0 l\u2019accompagnement strat\u00e9gique et juridique en amont, et le D\u00e9partement Contentieux, en charge de la r\u00e9solution des diff\u00e9rends. Cette structuration nous permet d\u2019offrir une prise en charge globale et coh\u00e9rente des enjeux juridiques auxquels nos clients peuvent \u00eatre confront\u00e9s, tant en phase pr\u00e9ventive qu\u2019au contentieux.<\/p>\t\t\t\t\t\t\t\t<\/div>\n\t\t\t\t<\/div>\n\t\t\t\t\t<\/div>\n\t\t<\/div>\n\t\t\t\t<div class=\"elementor-column elementor-col-50 elementor-top-column elementor-element elementor-element-5a3ba84\" data-id=\"5a3ba84\" data-element_type=\"column\" data-e-type=\"column\">\n\t\t\t<div class=\"elementor-widget-wrap elementor-element-populated\">\n\t\t\t\t\t\t<div class=\"elementor-element elementor-element-5139f56 elementor-widget elementor-widget-image\" data-id=\"5139f56\" data-element_type=\"widget\" data-e-type=\"widget\" data-widget_type=\"image.default\">\n\t\t\t\t<div class=\"elementor-widget-container\">\n\t\t\t\t\t\t\t\t\t\t\t\t\t\t\t<img fetchpriority=\"high\" decoding=\"async\" width=\"573\" height=\"500\" src=\"https:\/\/www.meziouknani.com\/wp-content\/uploads\/2025\/02\/About-Us.webp\" class=\"attachment-large size-large wp-image-2713\" alt=\"\" srcset=\"https:\/\/www.meziouknani.com\/wp-content\/uploads\/2025\/02\/About-Us.webp 573w, https:\/\/www.meziouknani.com\/wp-content\/uploads\/2025\/02\/About-Us-300x262.webp 300w\" sizes=\"(max-width: 573px) 100vw, 573px\" \/>\t\t\t\t\t\t\t\t\t\t\t\t\t\t\t<\/div>\n\t\t\t\t<\/div>\n\t\t\t\t\t<\/div>\n\t\t<\/div>\n\t\t\t\t\t<\/div>\n\t\t<\/section>\n\t\t\t\t<section class=\"elementor-section elementor-top-section elementor-element elementor-element-6f8ee96 elementor-section-boxed elementor-section-height-default elementor-section-height-default\" data-id=\"6f8ee96\" data-element_type=\"section\" data-e-type=\"section\">\n\t\t\t\t\t\t<div class=\"elementor-container elementor-column-gap-default\">\n\t\t\t\t\t<div class=\"elementor-column elementor-col-100 elementor-top-column elementor-element elementor-element-0233199\" data-id=\"0233199\" data-element_type=\"column\" data-e-type=\"column\">\n\t\t\t<div class=\"elementor-widget-wrap elementor-element-populated\">\n\t\t\t\t\t\t<div class=\"elementor-element elementor-element-916be80 elementor-widget elementor-widget-text-editor\" data-id=\"916be80\" data-element_type=\"widget\" data-e-type=\"widget\" data-widget_type=\"text-editor.default\">\n\t\t\t\t<div class=\"elementor-widget-container\">\n\t\t\t\t\t\t\t\t\t<p>Gr\u00e2ce \u00e0 cette approche int\u00e9gr\u00e9e, nous intervenons aupr\u00e8s d\u2019une client\u00e8le diversifi\u00e9e, active dans des secteurs vari\u00e9s tels que l\u2019industrie manufacturi\u00e8re, les technologies de l\u2019information, la banque, le capital investissement, les biens de consommation et la distribution, l\u2019\u00e9nergie, l\u2019\u00e9ducation et la sant\u00e9.&nbsp;<\/p><p>Notre cabinet dispose d\u2019une expertise reconnue dans la gestion de litiges complexes. Nous assurons avec rigueur et d\u00e9termination la d\u00e9fense des int\u00e9r\u00eats de nos clients.<\/p>\n<p>Les membres de notre \u00e9quipe travaillent en \u00e9troite collaboration avec nos clients, en leur apportant des conseils strat\u00e9giques et op\u00e9rationnels sur les aspects juridiques de leur activit\u00e9 : conformit\u00e9 r\u00e9glementaire, r\u00e9daction contractuelle, structuration d\u2019op\u00e9rations, gestion du risque juridique, entre autres.<\/p>\n<p>Nous mettons un point d\u2019honneur \u00e0 fournir une assistance juridique permettant une prise de d\u00e9cision \u00e9clair\u00e9e et cr\u00e9atrice de valeur pour nos clients.<\/p>\t\t\t\t\t\t\t\t<\/div>\n\t\t\t\t<\/div>\n\t\t\t\t\t<\/div>\n\t\t<\/div>\n\t\t\t\t\t<\/div>\n\t\t<\/section>\n\t\t\t\t<section class=\"elementor-section elementor-top-section elementor-element elementor-element-886ba9a elementor-section-boxed elementor-section-height-default elementor-section-height-default\" data-id=\"886ba9a\" data-element_type=\"section\" data-e-type=\"section\">\n\t\t\t\t\t\t<div class=\"elementor-container elementor-column-gap-default\">\n\t\t\t\t\t<div class=\"elementor-column elementor-col-100 elementor-top-column elementor-element elementor-element-5f1dbf1\" data-id=\"5f1dbf1\" data-element_type=\"column\" data-e-type=\"column\">\n\t\t\t<div class=\"elementor-widget-wrap elementor-element-populated\">\n\t\t\t\t\t\t<div class=\"elementor-element elementor-element-cade7e3 elementor-widget elementor-widget-text-editor\" data-id=\"cade7e3\" data-element_type=\"widget\" data-e-type=\"widget\" data-widget_type=\"text-editor.default\">\n\t\t\t\t<div class=\"elementor-widget-container\">\n\t\t\t\t\t\t\t\t\t<p>Notre d\u00e9partement contentieux dispose d\u2019une solide exp\u00e9rience dans le traitement de diff\u00e9rends commerciaux complexes, de manquements contractuels, de contentieux en mati\u00e8re de propri\u00e9t\u00e9 intellectuelle, et d\u2019autres domaines sp\u00e9cialis\u00e9s. Gr\u00e2ce \u00e0 une connaissance fine des m\u00e9canismes juridiques et \u00e0 une expertise reconnue en strat\u00e9gie judiciaire, nos avocats d\u00e9ploient des solutions efficaces pour d\u00e9fendre les droits et int\u00e9r\u00eats de nos clients, avec professionnalisme et d\u00e9termination.<\/p><p>Notre engagement repose sur l\u2019excellence, l\u2019int\u00e9grit\u00e9 et la recherche constante des r\u00e9sultats les plus favorables pour nos clients.<\/p><p>Au-del\u00e0 de la comp\u00e9tence juridique, nous pla\u00e7ons la relation de confiance au c\u0153ur de notre d\u00e9marche, en instaurant des partenariats durables fond\u00e9s sur la transparence et le respect mutuel.<\/p><p>Nous adoptons une approche sur mesure, reposant sur une compr\u00e9hension fine des objectifs sp\u00e9cifiques de chaque client, et veillons \u00e0 instaurer une communication claire et constante tout au long de notre accompagnement.<\/p><p>Meziou Knani &amp; Khlif est fier de son approche collaborative, de son exigence de qualit\u00e9 et de son engagement constant \u00e0 proposer des solutions sur mesure, en ad\u00e9quation avec les besoins et les ambitions sp\u00e9cifiques de chaque client.<\/p>\t\t\t\t\t\t\t\t<\/div>\n\t\t\t\t<\/div>\n\t\t\t\t\t<\/div>\n\t\t<\/div>\n\t\t\t\t\t<\/div>\n\t\t<\/section>\n\t\t\t\t<section class=\"elementor-section elementor-top-section elementor-element elementor-element-362fb5e elementor-section-boxed elementor-section-height-default elementor-section-height-default\" data-id=\"362fb5e\" data-element_type=\"section\" data-e-type=\"section\" data-settings=\"{&quot;background_background&quot;:&quot;classic&quot;}\">\n\t\t\t\t\t\t<div class=\"elementor-container elementor-column-gap-default\">\n\t\t\t\t\t<div class=\"elementor-column elementor-col-100 elementor-top-column elementor-element elementor-element-d5c3c7a\" data-id=\"d5c3c7a\" data-element_type=\"column\" data-e-type=\"column\">\n\t\t\t<div class=\"elementor-widget-wrap elementor-element-populated\">\n\t\t\t\t\t\t<div class=\"elementor-element elementor-element-f83aa90 elementor-widget elementor-widget-heading\" data-id=\"f83aa90\" data-element_type=\"widget\" data-e-type=\"widget\" data-widget_type=\"heading.default\">\n\t\t\t\t<div class=\"elementor-widget-container\">\n\t\t\t\t\t<h2 class=\"elementor-heading-title elementor-size-default\">Ce qu\u2019on dit de nous<\/h2>\t\t\t\t<\/div>\n\t\t\t\t<\/div>\n\t\t\t\t<section class=\"elementor-section elementor-inner-section elementor-element elementor-element-11d0fe3 elementor-section-boxed elementor-section-height-default elementor-section-height-default\" data-id=\"11d0fe3\" data-element_type=\"section\" data-e-type=\"section\" data-settings=\"{&quot;background_background&quot;:&quot;classic&quot;}\">\n\t\t\t\t\t\t<div class=\"elementor-container elementor-column-gap-no\">\n\t\t\t\t\t<div class=\"elementor-column elementor-col-25 elementor-inner-column elementor-element elementor-element-d10f35c\" data-id=\"d10f35c\" data-element_type=\"column\" data-e-type=\"column\" data-settings=\"{&quot;background_background&quot;:&quot;classic&quot;}\">\n\t\t\t<div class=\"elementor-widget-wrap elementor-element-populated\">\n\t\t\t\t\t\t<div class=\"elementor-element elementor-element-852970d elementor-widget elementor-widget-heading\" data-id=\"852970d\" data-element_type=\"widget\" data-e-type=\"widget\" data-widget_type=\"heading.default\">\n\t\t\t\t<div class=\"elementor-widget-container\">\n\t\t\t\t\t<h2 class=\"elementor-heading-title elementor-size-default\">Chambers and Partners<br><br>\n\n<br><\/h2>\t\t\t\t<\/div>\n\t\t\t\t<\/div>\n\t\t\t\t<div class=\"elementor-element elementor-element-1e43f13 elementor-widget elementor-widget-text-editor\" data-id=\"1e43f13\" data-element_type=\"widget\" data-e-type=\"widget\" data-widget_type=\"text-editor.default\">\n\t\t\t\t<div class=\"elementor-widget-container\">\n\t\t\t\t\t\t\t\t\t<p><strong>\u201c<em>Meziou Knani &amp; Khlif est reconnu par les observateurs comme l\u2019un des cabinets de r\u00e9f\u00e9rence en droit des affaires en Tunisie, avec une expertise particuli\u00e8re dans le domaine du capital-investissement. Le cabinet est \u00e9galement tr\u00e8s sollicit\u00e9 par une client\u00e8le internationale pour des conseils en march\u00e9s de capitaux, en finance et en op\u00e9rations de fusions-acquisitions.<\/em>\u201d. <\/strong><\/p>\t\t\t\t\t\t\t\t<\/div>\n\t\t\t\t<\/div>\n\t\t\t\t\t<\/div>\n\t\t<\/div>\n\t\t\t\t<div class=\"elementor-column elementor-col-25 elementor-inner-column elementor-element elementor-element-0d867e9\" data-id=\"0d867e9\" data-element_type=\"column\" data-e-type=\"column\" data-settings=\"{&quot;background_background&quot;:&quot;classic&quot;}\">\n\t\t\t<div class=\"elementor-widget-wrap elementor-element-populated\">\n\t\t\t\t\t\t<div class=\"elementor-element elementor-element-43dbf9d elementor-widget elementor-widget-heading\" data-id=\"43dbf9d\" data-element_type=\"widget\" data-e-type=\"widget\" data-widget_type=\"heading.default\">\n\t\t\t\t<div class=\"elementor-widget-container\">\n\t\t\t\t\t<h2 class=\"elementor-heading-title elementor-size-default\">Legal 500<br><br><br><\/h2>\t\t\t\t<\/div>\n\t\t\t\t<\/div>\n\t\t\t\t<div class=\"elementor-element elementor-element-072eac6 elementor-widget elementor-widget-text-editor\" data-id=\"072eac6\" data-element_type=\"widget\" data-e-type=\"widget\" data-widget_type=\"text-editor.default\">\n\t\t\t\t<div class=\"elementor-widget-container\">\n\t\t\t\t\t\t\t\t\t<p><strong>\u201c<em>Une excellente expertise juridique, associ\u00e9e \u00e0 des proc\u00e9dures structur\u00e9es et \u00e0 une approche de conseil globale.\u00a0<\/em>\u201d <\/strong><\/p>\t\t\t\t\t\t\t\t<\/div>\n\t\t\t\t<\/div>\n\t\t\t\t\t<\/div>\n\t\t<\/div>\n\t\t\t\t<div class=\"elementor-column elementor-col-25 elementor-inner-column elementor-element elementor-element-5b768be\" data-id=\"5b768be\" data-element_type=\"column\" data-e-type=\"column\" data-settings=\"{&quot;background_background&quot;:&quot;classic&quot;}\">\n\t\t\t<div class=\"elementor-widget-wrap elementor-element-populated\">\n\t\t\t\t\t\t<div class=\"elementor-element elementor-element-6e7d9eb elementor-widget elementor-widget-heading\" data-id=\"6e7d9eb\" data-element_type=\"widget\" data-e-type=\"widget\" data-widget_type=\"heading.default\">\n\t\t\t\t<div class=\"elementor-widget-container\">\n\t\t\t\t\t<h2 class=\"elementor-heading-title elementor-size-default\">Chambers and Partners<br><br><br><\/h2>\t\t\t\t<\/div>\n\t\t\t\t<\/div>\n\t\t\t\t<div class=\"elementor-element elementor-element-0dc1662 elementor-widget elementor-widget-text-editor\" data-id=\"0dc1662\" data-element_type=\"widget\" data-e-type=\"widget\" data-widget_type=\"text-editor.default\">\n\t\t\t\t<div class=\"elementor-widget-container\">\n\t\t\t\t\t\t\t\t\t<p><strong>\u201c<em>Meziou Knani &amp; Khlif exerce depuis 2009 et est largement consid\u00e9r\u00e9 par les personnes interrog\u00e9es comme l\u2019un des cabinets de droit des affaires les plus remarquables du pays.\u00a0<\/em>\u201d <\/strong><\/p>\t\t\t\t\t\t\t\t<\/div>\n\t\t\t\t<\/div>\n\t\t\t\t\t<\/div>\n\t\t<\/div>\n\t\t\t\t<div class=\"elementor-column elementor-col-25 elementor-inner-column elementor-element elementor-element-81c9fd2\" data-id=\"81c9fd2\" data-element_type=\"column\" data-e-type=\"column\" data-settings=\"{&quot;background_background&quot;:&quot;classic&quot;}\">\n\t\t\t<div class=\"elementor-widget-wrap elementor-element-populated\">\n\t\t\t\t\t\t<div class=\"elementor-element elementor-element-642a74a elementor-widget elementor-widget-heading\" data-id=\"642a74a\" data-element_type=\"widget\" data-e-type=\"widget\" data-widget_type=\"heading.default\">\n\t\t\t\t<div class=\"elementor-widget-container\">\n\t\t\t\t\t<h2 class=\"elementor-heading-title elementor-size-default\">Legal 500<br><br><br><\/h2>\t\t\t\t<\/div>\n\t\t\t\t<\/div>\n\t\t\t\t<div class=\"elementor-element elementor-element-668d69f elementor-widget elementor-widget-text-editor\" data-id=\"668d69f\" data-element_type=\"widget\" data-e-type=\"widget\" data-widget_type=\"text-editor.default\">\n\t\t\t\t<div class=\"elementor-widget-container\">\n\t\t\t\t\t\t\t\t\t<p><strong>\u201c<em>L\u2019exp\u00e9rience, l'expertise et l'efficacit\u00e9 de MK&amp;K, \u00e7a se ressent.<\/em>\u201d <\/strong><\/p>\t\t\t\t\t\t\t\t<\/div>\n\t\t\t\t<\/div>\n\t\t\t\t\t<\/div>\n\t\t<\/div>\n\t\t\t\t\t<\/div>\n\t\t<\/section>\n\t\t\t\t\t<\/div>\n\t\t<\/div>\n\t\t\t\t\t<\/div>\n\t\t<\/section>\n\t\t\t\t<\/div>","protected":false},"excerpt":{"rendered":"<p>Meziou Knani &amp; Khlif is a leading provider of legal services, specializing in various areas of law, with a particular emphasis on business law. Founded in 2009, Meziou Knani &amp; Khlif is led by six (6) partners\u2014Ghazi Zied Meziou, Mohamed Ayoub Knani, Mohamed Sarhane Khlif, Omar Ben Slimane, Amira Driss and Mehdi Derouiche\u2014supported by a &hellip;<\/p>\n<p class=\"read-more\"> <a class=\"\" href=\"https:\/\/www.meziouknani.com\/fr\/about\/\"> <span class=\"screen-reader-text\">Le cabinet<\/span> Lire la suite\u00a0\u00bb<\/a><\/p>","protected":false},"author":1,"featured_media":0,"parent":0,"menu_order":0,"comment_status":"closed","ping_status":"closed","template":"elementor_canvas","meta":{"site-sidebar-layout":"no-sidebar","site-content-layout":"page-builder","ast-global-header-display":"","ast-main-header-display":"","ast-hfb-above-header-display":"","ast-hfb-below-header-display":"","ast-hfb-mobile-header-display":"","site-post-title":"disabled","ast-breadcrumbs-content":"","ast-featured-img":"disabled","footer-sml-layout":"","theme-transparent-header-meta":"","adv-header-id-meta":"","stick-header-meta":"","header-above-stick-meta":"","header-main-stick-meta":"","header-below-stick-meta":"","footnotes":""},"class_list":["post-228","page","type-page","status-publish","hentry"],"_links":{"self":[{"href":"https:\/\/www.meziouknani.com\/fr\/wp-json\/wp\/v2\/pages\/228","targetHints":{"allow":["GET"]}}],"collection":[{"href":"https:\/\/www.meziouknani.com\/fr\/wp-json\/wp\/v2\/pages"}],"about":[{"href":"https:\/\/www.meziouknani.com\/fr\/wp-json\/wp\/v2\/types\/page"}],"author":[{"embeddable":true,"href":"https:\/\/www.meziouknani.com\/fr\/wp-json\/wp\/v2\/users\/1"}],"replies":[{"embeddable":true,"href":"https:\/\/www.meziouknani.com\/fr\/wp-json\/wp\/v2\/comments?post=228"}],"version-history":[{"count":89,"href":"https:\/\/www.meziouknani.com\/fr\/wp-json\/wp\/v2\/pages\/228\/revisions"}],"predecessor-version":[{"id":3257,"href":"https:\/\/www.meziouknani.com\/fr\/wp-json\/wp\/v2\/pages\/228\/revisions\/3257"}],"wp:attachment":[{"href":"https:\/\/www.meziouknani.com\/fr\/wp-json\/wp\/v2\/media?parent=228"}],"curies":[{"name":"wp","href":"https:\/\/api.w.org\/{rel}","templated":true}]}}