{"id":1353,"date":"2025-01-21T11:36:42","date_gmt":"2025-01-21T11:36:42","guid":{"rendered":"http:\/\/www.meziouknani.com\/?page_id=1353"},"modified":"2025-02-25T11:54:03","modified_gmt":"2025-02-25T11:54:03","slug":"ip-it-law","status":"publish","type":"page","link":"https:\/\/www.meziouknani.com\/fr\/our-practices\/ip-it-law\/","title":{"rendered":"IP &#038; IT"},"content":{"rendered":"<div data-elementor-type=\"wp-page\" data-elementor-id=\"1353\" class=\"elementor elementor-1353\">\n\t\t\t\t\t\t<section class=\"elementor-section elementor-top-section elementor-element elementor-element-7d7d6e46 elementor-section-boxed elementor-section-height-default elementor-section-height-default\" data-id=\"7d7d6e46\" data-element_type=\"section\" data-e-type=\"section\">\n\t\t\t\t\t\t<div class=\"elementor-container elementor-column-gap-default\">\n\t\t\t\t\t<div class=\"elementor-column elementor-col-100 elementor-top-column elementor-element elementor-element-7e401481\" data-id=\"7e401481\" data-element_type=\"column\" data-e-type=\"column\">\n\t\t\t<div class=\"elementor-widget-wrap elementor-element-populated\">\n\t\t\t\t\t\t<div class=\"elementor-element elementor-element-425e45d2 elementor-widget elementor-widget-heading\" data-id=\"425e45d2\" data-element_type=\"widget\" data-e-type=\"widget\" data-widget_type=\"heading.default\">\n\t\t\t\t<div class=\"elementor-widget-container\">\n\t\t\t\t\t<h2 class=\"elementor-heading-title elementor-size-default\">PROPRIETE INTELLECTUELLE ET TECHNOLOGIES DE L\u2019INFORMATION<\/h2>\t\t\t\t<\/div>\n\t\t\t\t<\/div>\n\t\t\t\t\t<\/div>\n\t\t<\/div>\n\t\t\t\t\t<\/div>\n\t\t<\/section>\n\t\t\t\t<section class=\"elementor-section elementor-top-section elementor-element elementor-element-60c6a98c elementor-section-boxed elementor-section-height-default elementor-section-height-default\" data-id=\"60c6a98c\" data-element_type=\"section\" data-e-type=\"section\">\n\t\t\t\t\t\t<div class=\"elementor-container elementor-column-gap-default\">\n\t\t\t\t\t<div class=\"elementor-column elementor-col-50 elementor-top-column elementor-element elementor-element-7de142ef\" data-id=\"7de142ef\" data-element_type=\"column\" data-e-type=\"column\">\n\t\t\t<div class=\"elementor-widget-wrap elementor-element-populated\">\n\t\t\t\t\t\t<div class=\"elementor-element elementor-element-5f2eec77 elementor-widget elementor-widget-text-editor\" data-id=\"5f2eec77\" data-element_type=\"widget\" data-e-type=\"widget\" data-widget_type=\"text-editor.default\">\n\t\t\t\t<div class=\"elementor-widget-container\">\n\t\t\t\t\t\t\t\t\t<p>Notre d\u00e9partement de Propri\u00e9t\u00e9 Intellectuelle (PI) et de Technologies de l\u2019Information (TI) fournit des services juridiques visant \u00e0 prot\u00e9ger et \u00e0 g\u00e9rer les actifs incorporels des entreprises dans un environnement \u00e9conomique fortement ax\u00e9 sur la technologie.<\/p><p>Nous assistons nos clients dans la protection et la gestion de leurs droits de propri\u00e9t\u00e9 intellectuelle, notamment les brevets, les marques, les droits d'auteur et les secrets commerciaux.<\/p><p>Nous proposons \u00e9galement un conseil en mati\u00e8re de technologies de l\u2019information, notamment en ce qui concerne les licences de logiciels, la protection des donn\u00e9es, la cybers\u00e9curit\u00e9 et la r\u00e9glementation du commerce \u00e9lectronique.<\/p><p>Gr\u00e2ce \u00e0 une compr\u00e9hension approfondie de l\u2019interaction entre le droit et la technologie, nous offrons des solutions pratiques permettant \u00e0 nos clients de prot\u00e9ger leurs innovations et d\u2019optimiser la valeur de leurs actifs de propri\u00e9t\u00e9 intellectuelle.<\/p>\t\t\t\t\t\t\t\t<\/div>\n\t\t\t\t<\/div>\n\t\t\t\t\t<\/div>\n\t\t<\/div>\n\t\t\t\t<div class=\"elementor-column elementor-col-50 elementor-top-column elementor-element elementor-element-7e192676\" data-id=\"7e192676\" data-element_type=\"column\" data-e-type=\"column\">\n\t\t\t<div class=\"elementor-widget-wrap elementor-element-populated\">\n\t\t\t\t\t\t<div class=\"elementor-element elementor-element-6d4406f6 elementor-widget elementor-widget-image\" data-id=\"6d4406f6\" data-element_type=\"widget\" data-e-type=\"widget\" data-widget_type=\"image.default\">\n\t\t\t\t<div class=\"elementor-widget-container\">\n\t\t\t\t\t\t\t\t\t\t\t\t\t\t\t<img fetchpriority=\"high\" decoding=\"async\" width=\"573\" height=\"439\" src=\"https:\/\/www.meziouknani.com\/wp-content\/uploads\/2025\/02\/IP-IT.webp\" class=\"attachment-large size-large wp-image-2742\" alt=\"\" srcset=\"https:\/\/www.meziouknani.com\/wp-content\/uploads\/2025\/02\/IP-IT.webp 573w, https:\/\/www.meziouknani.com\/wp-content\/uploads\/2025\/02\/IP-IT-300x230.webp 300w\" sizes=\"(max-width: 573px) 100vw, 573px\" \/>\t\t\t\t\t\t\t\t\t\t\t\t\t\t\t<\/div>\n\t\t\t\t<\/div>\n\t\t\t\t<section class=\"elementor-section elementor-inner-section elementor-element elementor-element-d604a3a elementor-section-boxed elementor-section-height-default elementor-section-height-default\" data-id=\"d604a3a\" data-element_type=\"section\" data-e-type=\"section\">\n\t\t\t\t\t\t<div class=\"elementor-container elementor-column-gap-default\">\n\t\t\t\t\t<div data-premium-element-link=\"{&quot;type&quot;:&quot;link&quot;,&quot;link&quot;:null,&quot;href&quot;:&quot;https:\\\/\\\/www.meziouknani.com\\\/fr\\\/our-practices\\\/commercial-law\\\/&quot;}\" style=\"cursor: pointer\" class=\"elementor-column elementor-col-33 elementor-inner-column elementor-element elementor-element-ecc8e42 premium-wrapper-link-yes\" data-id=\"ecc8e42\" data-element_type=\"column\" data-e-type=\"column\">\n\t\t\t<div class=\"elementor-widget-wrap elementor-element-populated\">\n\t\t\t\t\t\t<div class=\"elementor-element elementor-element-1d0f144 premium-lq__none elementor-widget elementor-widget-premium-addon-button\" data-id=\"1d0f144\" data-element_type=\"widget\" data-e-type=\"widget\" data-widget_type=\"premium-addon-button.default\">\n\t\t\t\t<div class=\"elementor-widget-container\">\n\t\t\t\t\t\n\n\t\t<a class=\"premium-button premium-button-none premium-btn-block premium-button-none\" href=\"https:\/\/www.meziouknani.com\/fr\/our-practices\/commercial-law\/\">\n\t\t\t<div class=\"premium-button-text-icon-wrapper translation-block\"><span> Droit Commercial <\/span><\/div>\n\n\t\t\t\n\t\t\t\n\t\t\t\n\t\t<\/a>\n\n\n\t\t\t\t\t\t<\/div>\n\t\t\t\t<\/div>\n\t\t\t\t\t<\/div>\n\t\t<\/div>\n\t\t\t\t<div data-premium-element-link=\"{&quot;type&quot;:&quot;link&quot;,&quot;link&quot;:null,&quot;href&quot;:&quot;https:\\\/\\\/www.meziouknani.com\\\/fr\\\/our-practices\\\/capital-markets\\\/&quot;}\" style=\"cursor: pointer\" class=\"elementor-column elementor-col-33 elementor-inner-column elementor-element elementor-element-3eac359 premium-wrapper-link-yes\" data-id=\"3eac359\" data-element_type=\"column\" data-e-type=\"column\">\n\t\t\t<div class=\"elementor-widget-wrap elementor-element-populated\">\n\t\t\t\t\t\t<div class=\"elementor-element elementor-element-575246e premium-wrapper-link-yes premium-lq__none elementor-widget elementor-widget-premium-addon-button\" data-id=\"575246e\" data-element_type=\"widget\" data-e-type=\"widget\" data-widget_type=\"premium-addon-button.default\">\n\t\t\t\t<div class=\"elementor-widget-container\">\n\t\t\t\t\t\n\n\t\t<a class=\"premium-button premium-button-none premium-btn-block premium-button-none\" href=\"https:\/\/www.meziouknani.com\/fr\/our-practices\/capital-markets\/\">\n\t\t\t<div class=\"premium-button-text-icon-wrapper\">\n\t\t\t\t\n\t\t\t\t\t\t\t\t\t<span >\n\t\t\t\t\t\tMarch\u00e9s des <br> Capitaux\t\t\t\t\t<\/span>\n\t\t\t\t\t\t\t<\/div>\n\n\t\t\t\n\t\t\t\n\t\t\t\n\t\t<\/a>\n\n\n\t\t\t\t\t\t<\/div>\n\t\t\t\t<\/div>\n\t\t\t\t\t<\/div>\n\t\t<\/div>\n\t\t\t\t<div data-premium-element-link=\"{&quot;type&quot;:&quot;link&quot;,&quot;link&quot;:null,&quot;href&quot;:&quot;https:\\\/\\\/www.meziouknani.com\\\/fr\\\/our-practices\\\/dispute-resolution\\\/&quot;}\" style=\"cursor: pointer\" class=\"elementor-column elementor-col-33 elementor-inner-column elementor-element elementor-element-8d0e63c premium-wrapper-link-yes\" data-id=\"8d0e63c\" data-element_type=\"column\" data-e-type=\"column\">\n\t\t\t<div class=\"elementor-widget-wrap elementor-element-populated\">\n\t\t\t\t\t\t<div class=\"elementor-element elementor-element-0584ddb premium-lq__none elementor-widget elementor-widget-premium-addon-button\" data-id=\"0584ddb\" data-element_type=\"widget\" data-e-type=\"widget\" data-widget_type=\"premium-addon-button.default\">\n\t\t\t\t<div class=\"elementor-widget-container\">\n\t\t\t\t\t\n\n\t\t<a class=\"premium-button premium-button-none premium-btn-block premium-button-none\" href=\"https:\/\/www.meziouknani.com\/fr\/our-practices\/dispute-resolution\/\">\n\t\t\t<div class=\"premium-button-text-icon-wrapper\">\n\t\t\t\t\n\t\t\t\t\t\t\t\t\t<span >\n\t\t\t\t\t\tContentieux et R\u00e9solution des Litiges\t\t\t\t\t<\/span>\n\t\t\t\t\t\t\t<\/div>\n\n\t\t\t\n\t\t\t\n\t\t\t\n\t\t<\/a>\n\n\n\t\t\t\t\t\t<\/div>\n\t\t\t\t<\/div>\n\t\t\t\t\t<\/div>\n\t\t<\/div>\n\t\t\t\t\t<\/div>\n\t\t<\/section>\n\t\t\t\t\t<\/div>\n\t\t<\/div>\n\t\t\t\t\t<\/div>\n\t\t<\/section>\n\t\t\t\t<section class=\"elementor-section elementor-top-section elementor-element elementor-element-7e6f40a elementor-section-boxed elementor-section-height-default elementor-section-height-default\" data-id=\"7e6f40a\" data-element_type=\"section\" data-e-type=\"section\">\n\t\t\t\t\t\t<div class=\"elementor-container elementor-column-gap-default\">\n\t\t\t\t\t<div class=\"elementor-column elementor-col-25 elementor-top-column elementor-element elementor-element-2e24104\" data-id=\"2e24104\" data-element_type=\"column\" data-e-type=\"column\">\n\t\t\t<div class=\"elementor-widget-wrap elementor-element-populated\">\n\t\t\t\t\t\t<div class=\"elementor-element elementor-element-e4bc336 elementor-widget elementor-widget-heading\" data-id=\"e4bc336\" data-element_type=\"widget\" data-e-type=\"widget\" data-widget_type=\"heading.default\">\n\t\t\t\t<div class=\"elementor-widget-container\">\n\t\t\t\t\t<h2 class=\"elementor-heading-title elementor-size-default\">CONTACT<\/h2>\t\t\t\t<\/div>\n\t\t\t\t<\/div>\n\t\t\t\t\t<\/div>\n\t\t<\/div>\n\t\t\t\t<div data-premium-element-link=\"{&quot;type&quot;:&quot;link&quot;,&quot;link&quot;:null,&quot;href&quot;:&quot;https:\\\/\\\/www.meziouknani.com\\\/fr\\\/our-people\\\/john-honai\\\/&quot;}\" style=\"cursor: pointer\" class=\"elementor-column elementor-col-25 elementor-top-column elementor-element elementor-element-d878cc2 premium-wrapper-link-yes\" data-id=\"d878cc2\" data-element_type=\"column\" data-e-type=\"column\">\n\t\t\t<div class=\"elementor-widget-wrap elementor-element-populated\">\n\t\t\t\t\t\t<div class=\"elementor-element elementor-element-9401ff5 elementor-widget elementor-widget-heading\" data-id=\"9401ff5\" data-element_type=\"widget\" data-e-type=\"widget\" data-widget_type=\"heading.default\">\n\t\t\t\t<div class=\"elementor-widget-container\">\n\t\t\t\t\t<h2 class=\"elementor-heading-title elementor-size-default\">ASSOCIE<\/h2>\t\t\t\t<\/div>\n\t\t\t\t<\/div>\n\t\t\t\t<div class=\"elementor-element elementor-element-aa1ce5c elementor-widget-divider--view-line elementor-widget elementor-widget-divider\" data-id=\"aa1ce5c\" data-element_type=\"widget\" data-e-type=\"widget\" data-widget_type=\"divider.default\">\n\t\t\t\t<div class=\"elementor-widget-container\">\n\t\t\t\t\t\t\t<div class=\"elementor-divider\">\n\t\t\t<span class=\"elementor-divider-separator\">\n\t\t\t\t\t\t<\/span>\n\t\t<\/div>\n\t\t\t\t\t\t<\/div>\n\t\t\t\t<\/div>\n\t\t\t\t<div class=\"elementor-element elementor-element-e29419b elementor-widget elementor-widget-heading\" data-id=\"e29419b\" data-element_type=\"widget\" data-e-type=\"widget\" data-widget_type=\"heading.default\">\n\t\t\t\t<div class=\"elementor-widget-container\">\n\t\t\t\t\t<h2 class=\"elementor-heading-title elementor-size-default\">Ghazi Zied Meziou<\/h2>\t\t\t\t<\/div>\n\t\t\t\t<\/div>\n\t\t\t\t\t<\/div>\n\t\t<\/div>\n\t\t\t\t<div data-premium-element-link=\"{&quot;type&quot;:&quot;link&quot;,&quot;link&quot;:null,&quot;href&quot;:&quot;https:\\\/\\\/www.meziouknani.com\\\/fr\\\/our-people\\\/john-honai-duplicate-477\\\/&quot;}\" style=\"cursor: pointer\" class=\"elementor-column elementor-col-25 elementor-top-column elementor-element elementor-element-a524f5d premium-wrapper-link-yes\" data-id=\"a524f5d\" data-element_type=\"column\" data-e-type=\"column\">\n\t\t\t<div class=\"elementor-widget-wrap elementor-element-populated\">\n\t\t\t\t\t\t<div class=\"elementor-element elementor-element-562a842 elementor-widget elementor-widget-heading\" data-id=\"562a842\" data-element_type=\"widget\" data-e-type=\"widget\" data-widget_type=\"heading.default\">\n\t\t\t\t<div class=\"elementor-widget-container\">\n\t\t\t\t\t<h2 class=\"elementor-heading-title elementor-size-default\">ASSOCIE<\/h2>\t\t\t\t<\/div>\n\t\t\t\t<\/div>\n\t\t\t\t<div class=\"elementor-element elementor-element-8099167 elementor-widget-divider--view-line elementor-widget elementor-widget-divider\" data-id=\"8099167\" data-element_type=\"widget\" data-e-type=\"widget\" data-widget_type=\"divider.default\">\n\t\t\t\t<div class=\"elementor-widget-container\">\n\t\t\t\t\t\t\t<div class=\"elementor-divider\">\n\t\t\t<span class=\"elementor-divider-separator\">\n\t\t\t\t\t\t<\/span>\n\t\t<\/div>\n\t\t\t\t\t\t<\/div>\n\t\t\t\t<\/div>\n\t\t\t\t<div class=\"elementor-element elementor-element-60e059c elementor-widget elementor-widget-heading\" data-id=\"60e059c\" data-element_type=\"widget\" data-e-type=\"widget\" data-widget_type=\"heading.default\">\n\t\t\t\t<div class=\"elementor-widget-container\">\n\t\t\t\t\t<h2 class=\"elementor-heading-title elementor-size-default\">Mohamed Ayoub Knani\n<\/h2>\t\t\t\t<\/div>\n\t\t\t\t<\/div>\n\t\t\t\t\t<\/div>\n\t\t<\/div>\n\t\t\t\t<div data-premium-element-link=\"{&quot;type&quot;:&quot;link&quot;,&quot;link&quot;:null,&quot;href&quot;:&quot;https:\\\/\\\/www.meziouknani.com\\\/fr\\\/our-people\\\/omar-ben-slimane\\\/&quot;}\" style=\"cursor: pointer\" class=\"elementor-column elementor-col-25 elementor-top-column elementor-element elementor-element-25837b8 premium-wrapper-link-yes\" data-id=\"25837b8\" data-element_type=\"column\" data-e-type=\"column\">\n\t\t\t<div class=\"elementor-widget-wrap elementor-element-populated\">\n\t\t\t\t\t\t<div class=\"elementor-element elementor-element-fc88c57 elementor-widget elementor-widget-heading\" data-id=\"fc88c57\" data-element_type=\"widget\" data-e-type=\"widget\" data-widget_type=\"heading.default\">\n\t\t\t\t<div class=\"elementor-widget-container\">\n\t\t\t\t\t<h2 class=\"elementor-heading-title elementor-size-default\">ASSOCIE<\/h2>\t\t\t\t<\/div>\n\t\t\t\t<\/div>\n\t\t\t\t<div class=\"elementor-element elementor-element-38b85bc elementor-widget-divider--view-line elementor-widget elementor-widget-divider\" data-id=\"38b85bc\" data-element_type=\"widget\" data-e-type=\"widget\" data-widget_type=\"divider.default\">\n\t\t\t\t<div class=\"elementor-widget-container\">\n\t\t\t\t\t\t\t<div class=\"elementor-divider\">\n\t\t\t<span class=\"elementor-divider-separator\">\n\t\t\t\t\t\t<\/span>\n\t\t<\/div>\n\t\t\t\t\t\t<\/div>\n\t\t\t\t<\/div>\n\t\t\t\t<div class=\"elementor-element elementor-element-f143926 elementor-widget elementor-widget-heading\" data-id=\"f143926\" data-element_type=\"widget\" data-e-type=\"widget\" data-widget_type=\"heading.default\">\n\t\t\t\t<div class=\"elementor-widget-container\">\n\t\t\t\t\t<h2 class=\"elementor-heading-title elementor-size-default\">Omar Ben Slimane<\/h2>\t\t\t\t<\/div>\n\t\t\t\t<\/div>\n\t\t\t\t\t<\/div>\n\t\t<\/div>\n\t\t\t\t\t<\/div>\n\t\t<\/section>\n\t\t\t\t<\/div>","protected":false},"excerpt":{"rendered":"<p>IP &amp; IT Our Intellectual Property (IP) and Information Technology (IT) practice provides legal services to protect and manage the intangible assets of businesses in today\u2019s technology-driven world. We assist clients in safeguarding and managing their IP rights, including patents, trademarks, copyrights, and trade secrets. Additionally, we offer guidance on IT matters such as software &hellip;<\/p>\n<p class=\"read-more\"> <a class=\"\" href=\"https:\/\/www.meziouknani.com\/fr\/our-practices\/ip-it-law\/\"> <span class=\"screen-reader-text\">IP &#038; IT<\/span> Lire la suite\u00a0\u00bb<\/a><\/p>","protected":false},"author":1,"featured_media":0,"parent":545,"menu_order":0,"comment_status":"closed","ping_status":"closed","template":"","meta":{"site-sidebar-layout":"no-sidebar","site-content-layout":"page-builder","ast-global-header-display":"","ast-main-header-display":"","ast-hfb-above-header-display":"","ast-hfb-below-header-display":"","ast-hfb-mobile-header-display":"","site-post-title":"disabled","ast-breadcrumbs-content":"","ast-featured-img":"disabled","footer-sml-layout":"","theme-transparent-header-meta":"","adv-header-id-meta":"","stick-header-meta":"","header-above-stick-meta":"","header-main-stick-meta":"","header-below-stick-meta":"","footnotes":""},"class_list":["post-1353","page","type-page","status-publish","hentry"],"_links":{"self":[{"href":"https:\/\/www.meziouknani.com\/fr\/wp-json\/wp\/v2\/pages\/1353","targetHints":{"allow":["GET"]}}],"collection":[{"href":"https:\/\/www.meziouknani.com\/fr\/wp-json\/wp\/v2\/pages"}],"about":[{"href":"https:\/\/www.meziouknani.com\/fr\/wp-json\/wp\/v2\/types\/page"}],"author":[{"embeddable":true,"href":"https:\/\/www.meziouknani.com\/fr\/wp-json\/wp\/v2\/users\/1"}],"replies":[{"embeddable":true,"href":"https:\/\/www.meziouknani.com\/fr\/wp-json\/wp\/v2\/comments?post=1353"}],"version-history":[{"count":25,"href":"https:\/\/www.meziouknani.com\/fr\/wp-json\/wp\/v2\/pages\/1353\/revisions"}],"predecessor-version":[{"id":2745,"href":"https:\/\/www.meziouknani.com\/fr\/wp-json\/wp\/v2\/pages\/1353\/revisions\/2745"}],"up":[{"embeddable":true,"href":"https:\/\/www.meziouknani.com\/fr\/wp-json\/wp\/v2\/pages\/545"}],"wp:attachment":[{"href":"https:\/\/www.meziouknani.com\/fr\/wp-json\/wp\/v2\/media?parent=1353"}],"curies":[{"name":"wp","href":"https:\/\/api.w.org\/{rel}","templated":true}]}}